{"id":89,"date":"2019-04-02T11:18:48","date_gmt":"2019-04-02T11:18:48","guid":{"rendered":"http:\/\/keskintente.com\/?page_id=89"},"modified":"2020-04-27T13:08:12","modified_gmt":"2020-04-27T13:08:12","slug":"koruklu-tente","status":"publish","type":"page","link":"https:\/\/keskintente.com\/?page_id=89","title":{"rendered":"K\u00f6r\u00fckl\u00fc Tente"},"content":{"rendered":"<div class=\"wpb-content-wrapper\"><p>[vc_row][vc_column width=&#8221;1\/2&#8243;][vc_gallery interval=&#8221;3&#8243; images=&#8221;1812,1626,91,92,2032,2033,2034,2035,2036,2037,2038,2039,2040,2041,2042,2043,2044,2045,2046,2047,2048,2049,2050,2051&#8243; img_size=&#8221;large&#8221;][\/vc_column][vc_column width=&#8221;1\/2&#8243;][vc_column_text]Kenarlar\u0131n\u0131n kapal\u0131 olu\u015fundan \u00f6t\u00fcr\u00fc yanlardan gelecek g\u00fcne\u015f \u0131\u015f\u0131nlar\u0131ndan korunman\u0131z\u0131 sa\u011flar. Hareketli bir aksama sahiptir. \u0130p yard\u0131m\u0131 ile a\u00e7\u0131l\u0131p kapanabilmekte, fonksiyonel tasar\u0131m\u0131n\u0131n yan\u0131 s\u0131ra balkon ve pencerelerde ho\u015f bir g\u00f6r\u00fcnt\u00fc sa\u011flamaktad\u0131r.[\/vc_column_text][\/vc_column][\/vc_row]<\/p>\n<\/div>","protected":false},"excerpt":{"rendered":"<p>[vc_row][vc_column width=&#8221;1\/2&#8243;][vc_gallery interval=&#8221;3&#8243; images=&#8221;1812,1626,91,92,2032,2033,2034,2035,2036,2037,2038,2039,2040,2041,2042,2043,2044,2045,2046,2047,2048,2049,2050,2051&#8243; img_size=&#8221;large&#8221;][\/vc_column][vc_column width=&#8221;1\/2&#8243;][vc_column_text]Kenarlar\u0131n\u0131n kapal\u0131 olu\u015fundan \u00f6t\u00fcr\u00fc yanlardan gelecek g\u00fcne\u015f \u0131\u015f\u0131nlar\u0131ndan korunman\u0131z\u0131 sa\u011flar. Hareketli bir aksama sahiptir. \u0130p<\/p>\n","protected":false},"author":3,"featured_media":91,"parent":0,"menu_order":0,"comment_status":"closed","ping_status":"closed","template":"","meta":{"footnotes":""},"class_list":["post-89","page","type-page","status-publish","has-post-thumbnail","hentry"],"_links":{"self":[{"href":"https:\/\/keskintente.com\/index.php?rest_route=\/wp\/v2\/pages\/89","targetHints":{"allow":["GET"]}}],"collection":[{"href":"https:\/\/keskintente.com\/index.php?rest_route=\/wp\/v2\/pages"}],"about":[{"href":"https:\/\/keskintente.com\/index.php?rest_route=\/wp\/v2\/types\/page"}],"author":[{"embeddable":true,"href":"https:\/\/keskintente.com\/index.php?rest_route=\/wp\/v2\/users\/3"}],"replies":[{"embeddable":true,"href":"https:\/\/keskintente.com\/index.php?rest_route=%2Fwp%2Fv2%2Fcomments&post=89"}],"version-history":[{"count":6,"href":"https:\/\/keskintente.com\/index.php?rest_route=\/wp\/v2\/pages\/89\/revisions"}],"predecessor-version":[{"id":2052,"href":"https:\/\/keskintente.com\/index.php?rest_route=\/wp\/v2\/pages\/89\/revisions\/2052"}],"wp:featuredmedia":[{"embeddable":true,"href":"https:\/\/keskintente.com\/index.php?rest_route=\/wp\/v2\/media\/91"}],"wp:attachment":[{"href":"https:\/\/keskintente.com\/index.php?rest_route=%2Fwp%2Fv2%2Fmedia&parent=89"}],"curies":[{"name":"wp","href":"https:\/\/api.w.org\/{rel}","templated":true}]}}