{"id":2089,"date":"2020-04-27T14:55:17","date_gmt":"2020-04-27T14:55:17","guid":{"rendered":"https:\/\/keskintente.com\/?page_id=2089"},"modified":"2020-04-27T14:55:17","modified_gmt":"2020-04-27T14:55:17","slug":"ozel-tasarim-imalat","status":"publish","type":"page","link":"https:\/\/keskintente.com\/?page_id=2089","title":{"rendered":"\u00d6zel Tasar\u0131m \u0130malat"},"content":{"rendered":"<div class=\"wpb-content-wrapper\"><p>[vc_row][vc_column][\/vc_column][\/vc_row][vc_row][vc_column][vc_media_grid grid_id=&#8221;vc_gid:1587998768786-fd49dadf-15dd-10&#8243; include=&#8221;2090,2091,2092,2093,2094,2095,2096,2097&#8243;][\/vc_column][\/vc_row]<\/p>\n<\/div>","protected":false},"excerpt":{"rendered":"<p>[vc_row][vc_column][\/vc_column][\/vc_row][vc_row][vc_column][vc_media_grid grid_id=&#8221;vc_gid:1587998768786-fd49dadf-15dd-10&#8243; include=&#8221;2090,2091,2092,2093,2094,2095,2096,2097&#8243;][\/vc_column][\/vc_row]<\/p>\n","protected":false},"author":3,"featured_media":0,"parent":0,"menu_order":0,"comment_status":"closed","ping_status":"closed","template":"","meta":{"footnotes":""},"class_list":["post-2089","page","type-page","status-publish","hentry"],"_links":{"self":[{"href":"https:\/\/keskintente.com\/index.php?rest_route=\/wp\/v2\/pages\/2089","targetHints":{"allow":["GET"]}}],"collection":[{"href":"https:\/\/keskintente.com\/index.php?rest_route=\/wp\/v2\/pages"}],"about":[{"href":"https:\/\/keskintente.com\/index.php?rest_route=\/wp\/v2\/types\/page"}],"author":[{"embeddable":true,"href":"https:\/\/keskintente.com\/index.php?rest_route=\/wp\/v2\/users\/3"}],"replies":[{"embeddable":true,"href":"https:\/\/keskintente.com\/index.php?rest_route=%2Fwp%2Fv2%2Fcomments&post=2089"}],"version-history":[{"count":1,"href":"https:\/\/keskintente.com\/index.php?rest_route=\/wp\/v2\/pages\/2089\/revisions"}],"predecessor-version":[{"id":2098,"href":"https:\/\/keskintente.com\/index.php?rest_route=\/wp\/v2\/pages\/2089\/revisions\/2098"}],"wp:attachment":[{"href":"https:\/\/keskintente.com\/index.php?rest_route=%2Fwp%2Fv2%2Fmedia&parent=2089"}],"curies":[{"name":"wp","href":"https:\/\/api.w.org\/{rel}","templated":true}]}}