{"id":1858,"date":"2019-05-22T15:29:05","date_gmt":"2019-05-22T15:29:05","guid":{"rendered":"https:\/\/keskintente.com\/?page_id=1858"},"modified":"2019-05-22T15:29:05","modified_gmt":"2019-05-22T15:29:05","slug":"motorlu-arac-garajlari","status":"publish","type":"page","link":"https:\/\/keskintente.com\/?page_id=1858","title":{"rendered":"Motorlu Ara\u00e7 Garajlar\u0131"},"content":{"rendered":"<div class=\"wpb-content-wrapper\"><p>[vc_row][vc_column width=&#8221;1\/2&#8243;][vc_gallery interval=&#8221;3&#8243; images=&#8221;1789,1784&#8243; img_size=&#8221;large&#8221;][\/vc_column][vc_column width=&#8221;1\/2&#8243;][vc_column_text]Kuzey K\u0131br\u0131s&#8217;ta ilkleri gere\u00e7kle\u015ftirerek, uzaktan kumandal\u0131 motosiklet ve salon ara\u00e7lar i\u00e7in \u00f6zel tasar\u0131m uygulamalar\u0131.[\/vc_column_text][\/vc_column][\/vc_row]<\/p>\n<\/div>","protected":false},"excerpt":{"rendered":"<p>[vc_row][vc_column width=&#8221;1\/2&#8243;][vc_gallery interval=&#8221;3&#8243; images=&#8221;1789,1784&#8243; img_size=&#8221;large&#8221;][\/vc_column][vc_column width=&#8221;1\/2&#8243;][vc_column_text]Kuzey K\u0131br\u0131s&#8217;ta ilkleri gere\u00e7kle\u015ftirerek, uzaktan kumandal\u0131 motosiklet ve salon ara\u00e7lar i\u00e7in \u00f6zel tasar\u0131m uygulamalar\u0131.[\/vc_column_text][\/vc_column][\/vc_row]<\/p>\n","protected":false},"author":3,"featured_media":0,"parent":0,"menu_order":0,"comment_status":"closed","ping_status":"closed","template":"","meta":{"footnotes":""},"class_list":["post-1858","page","type-page","status-publish","hentry"],"_links":{"self":[{"href":"https:\/\/keskintente.com\/index.php?rest_route=\/wp\/v2\/pages\/1858","targetHints":{"allow":["GET"]}}],"collection":[{"href":"https:\/\/keskintente.com\/index.php?rest_route=\/wp\/v2\/pages"}],"about":[{"href":"https:\/\/keskintente.com\/index.php?rest_route=\/wp\/v2\/types\/page"}],"author":[{"embeddable":true,"href":"https:\/\/keskintente.com\/index.php?rest_route=\/wp\/v2\/users\/3"}],"replies":[{"embeddable":true,"href":"https:\/\/keskintente.com\/index.php?rest_route=%2Fwp%2Fv2%2Fcomments&post=1858"}],"version-history":[{"count":1,"href":"https:\/\/keskintente.com\/index.php?rest_route=\/wp\/v2\/pages\/1858\/revisions"}],"predecessor-version":[{"id":1860,"href":"https:\/\/keskintente.com\/index.php?rest_route=\/wp\/v2\/pages\/1858\/revisions\/1860"}],"wp:attachment":[{"href":"https:\/\/keskintente.com\/index.php?rest_route=%2Fwp%2Fv2%2Fmedia&parent=1858"}],"curies":[{"name":"wp","href":"https:\/\/api.w.org\/{rel}","templated":true}]}}