{"id":162,"date":"2019-04-02T13:09:37","date_gmt":"2019-04-02T13:09:37","guid":{"rendered":"http:\/\/keskintente.com\/?page_id=162"},"modified":"2019-04-11T10:47:03","modified_gmt":"2019-04-11T10:47:03","slug":"biz-kimiz","status":"publish","type":"page","link":"https:\/\/keskintente.com\/?page_id=162","title":{"rendered":"Biz Kimiz?"},"content":{"rendered":"<div class=\"wpb-content-wrapper\"><p>[vc_row][vc_column][vc_single_image image=&#8221;165&#8243; img_size=&#8221;full&#8221; alignment=&#8221;center&#8221;][\/vc_column][\/vc_row][vc_row][vc_column][vc_empty_space hide_on_desktop=&#8221;&#8221; hide_on_notebook=&#8221;&#8221; hide_on_tablet=&#8221;&#8221; hide_on_mobile=&#8221;&#8221;][\/vc_column][\/vc_row][vc_row][vc_column][vc_column_text]30 Y\u0131ll\u0131k Tecr\u00fcbemizle Kuzey K\u0131br\u0131s T\u00fcrk Cumhuriyeti&#8217;nde Hizmet Vermekteyiz.<\/p>\n<p>Keskin Tente; tente, \u015femsiye, \u00e7ad\u0131r, branda, g\u00fcne\u015flik ve g\u00f6lgelik sistemlerinin; imalat, montaj, tamir ve bak\u0131mlar\u0131n\u0131 yapmaktad\u0131r.\u00a0 Servis ve garanti hizmetlerinde tercih edilen kurum olan Keskin Tente, yapt\u0131\u011f\u0131 projelerle sekt\u00f6re y\u00f6n vermektedir.<\/p>\n<p>D\u0131\u015f mek\u00e2nlar\u0131n y\u0131l boyunca kullan\u0131labilmesi i\u00e7in, g\u00f6lgelendirilmesi ve kapat\u0131lmas\u0131n\u0131 uzman teknik personeliyle ger\u00e7ekle\u015ftiren, sekt\u00f6r\u00fcn \u00f6nc\u00fc kurulu\u015fudur.<\/p>\n<p>Sahip oldu\u011fu tecr\u00fcbe ve bilgi birikimiyle, m\u00fc\u015fterilerine en do\u011fru \u00e7\u00f6z\u00fcm ve uygulamalar\u0131 sunmaktad\u0131r.<\/p>\n<p>&nbsp;<\/p>\n<p>\u00d6nceli\u011fimiz M\u00fc\u015fteri Memnuniyetimizdir.<\/p>\n<p>Mevl\u00fct Keskin &#8211; Kemal Keskin[\/vc_column_text][vc_empty_space hide_on_desktop=&#8221;&#8221; hide_on_notebook=&#8221;&#8221; hide_on_tablet=&#8221;&#8221; hide_on_mobile=&#8221;&#8221;][\/vc_column][\/vc_row][vc_row][vc_column][\/vc_column][\/vc_row][vc_row][vc_column width=&#8221;1\/2&#8243;][vc_column_text]<\/p>\n<h3><b>Vizyonumuz<\/b><\/h3>\n<p class=\"big\">Sundu\u011fumuz t\u00fcm hizmetlerde \u00fcretimden m\u00fc\u015fteri memnuniyetine kadar b\u00fct\u00fcn a\u015famalarda global standartlar\u0131 uygulayarak bir d\u00fcnya markas\u0131 yaratmak ve tente sekt\u00f6r\u00fcn\u00fcn lideri olarak gelecektede de m\u00fc\u015fteri ihtiya\u00e7lar\u0131n\u0131 y\u00fcksek hizmet kalitesinde kar\u015f\u0131lamakt\u0131r.<\/p>\n<p>&nbsp;<\/p>\n<p class=\"big\">\n<p>[\/vc_column_text][\/vc_column][vc_column width=&#8221;1\/2&#8243;][vc_column_text]<\/p>\n<h3><b>Misyonumuz<\/b><\/h3>\n<p class=\"big\">Sundu\u011fumuz t\u00fcm hizmetlerde \u00fcretimden m\u00fc\u015fteri memnuniyetine kadar b\u00fct\u00fcn a\u015famalarda global standartlar\u0131 uygulayarak bir d\u00fcnya markas\u0131 yaratmak ve tente sekt\u00f6r\u00fcn\u00fcn lideri olarak gelecektede de m\u00fc\u015fteri ihtiya\u00e7lar\u0131n\u0131 y\u00fcksek hizmet kalitesinde kar\u015f\u0131lamakt\u0131r.<\/p>\n<p>[\/vc_column_text][\/vc_column][\/vc_row]<\/p>\n<\/div>","protected":false},"excerpt":{"rendered":"<p>[vc_row][vc_column][vc_single_image image=&#8221;165&#8243; img_size=&#8221;full&#8221; alignment=&#8221;center&#8221;][\/vc_column][\/vc_row][vc_row][vc_column][vc_empty_space hide_on_desktop=&#8221;&#8221; hide_on_notebook=&#8221;&#8221; hide_on_tablet=&#8221;&#8221; hide_on_mobile=&#8221;&#8221;][\/vc_column][\/vc_row][vc_row][vc_column][vc_column_text]30 Y\u0131ll\u0131k Tecr\u00fcbemizle Kuzey K\u0131br\u0131s T\u00fcrk Cumhuriyeti&#8217;nde Hizmet Vermekteyiz. Keskin Tente; tente, \u015femsiye,<\/p>\n","protected":false},"author":3,"featured_media":0,"parent":0,"menu_order":0,"comment_status":"closed","ping_status":"closed","template":"","meta":{"footnotes":""},"class_list":["post-162","page","type-page","status-publish","hentry"],"_links":{"self":[{"href":"https:\/\/keskintente.com\/index.php?rest_route=\/wp\/v2\/pages\/162","targetHints":{"allow":["GET"]}}],"collection":[{"href":"https:\/\/keskintente.com\/index.php?rest_route=\/wp\/v2\/pages"}],"about":[{"href":"https:\/\/keskintente.com\/index.php?rest_route=\/wp\/v2\/types\/page"}],"author":[{"embeddable":true,"href":"https:\/\/keskintente.com\/index.php?rest_route=\/wp\/v2\/users\/3"}],"replies":[{"embeddable":true,"href":"https:\/\/keskintente.com\/index.php?rest_route=%2Fwp%2Fv2%2Fcomments&post=162"}],"version-history":[{"count":7,"href":"https:\/\/keskintente.com\/index.php?rest_route=\/wp\/v2\/pages\/162\/revisions"}],"predecessor-version":[{"id":1734,"href":"https:\/\/keskintente.com\/index.php?rest_route=\/wp\/v2\/pages\/162\/revisions\/1734"}],"wp:attachment":[{"href":"https:\/\/keskintente.com\/index.php?rest_route=%2Fwp%2Fv2%2Fmedia&parent=162"}],"curies":[{"name":"wp","href":"https:\/\/api.w.org\/{rel}","templated":true}]}}