{"id":116,"date":"2019-04-02T11:34:05","date_gmt":"2019-04-02T11:34:05","guid":{"rendered":"http:\/\/keskintente.com\/?page_id=116"},"modified":"2019-05-02T09:49:40","modified_gmt":"2019-05-02T09:49:40","slug":"semsiyeler","status":"publish","type":"page","link":"https:\/\/keskintente.com\/?page_id=116","title":{"rendered":"\u015eemsiyeler"},"content":{"rendered":"<div class=\"wpb-content-wrapper\"><p>[vc_row][vc_column width=&#8221;1\/2&#8243;][vc_gallery interval=&#8221;3&#8243; images=&#8221;1798,1796&#8243; img_size=&#8221;large&#8221;][\/vc_column][vc_column width=&#8221;1\/2&#8243;][vc_column_text]Polyester dokuma ya da ithal akrilik kuma\u015ftan imal edilmektedir. \u015eemsiyenin b\u00fcy\u00fckl\u00fc\u011f\u00fcne g\u00f6re tekerlekli mermer ya da bidon ayak kullan\u0131labilir. Klasik, \u0130p Kumandal\u0131 , \u0130p kumandal\u0131 teleskopik, Kol kumandal\u0131 teleskopik, tek kat ve \u00e7ift kat al\u00fcminyum, ah\u015fap ya da ah\u015fap g\u00f6r\u00fcn\u00fcml\u00fc se\u00e7enekler mevcuttur.[\/vc_column_text][\/vc_column][\/vc_row]<\/p>\n<\/div>","protected":false},"excerpt":{"rendered":"<p>[vc_row][vc_column width=&#8221;1\/2&#8243;][vc_gallery interval=&#8221;3&#8243; images=&#8221;1798,1796&#8243; img_size=&#8221;large&#8221;][\/vc_column][vc_column width=&#8221;1\/2&#8243;][vc_column_text]Polyester dokuma ya da ithal akrilik kuma\u015ftan imal edilmektedir. \u015eemsiyenin b\u00fcy\u00fckl\u00fc\u011f\u00fcne g\u00f6re tekerlekli mermer ya<\/p>\n","protected":false},"author":3,"featured_media":117,"parent":0,"menu_order":0,"comment_status":"closed","ping_status":"closed","template":"","meta":{"footnotes":""},"class_list":["post-116","page","type-page","status-publish","has-post-thumbnail","hentry"],"_links":{"self":[{"href":"https:\/\/keskintente.com\/index.php?rest_route=\/wp\/v2\/pages\/116","targetHints":{"allow":["GET"]}}],"collection":[{"href":"https:\/\/keskintente.com\/index.php?rest_route=\/wp\/v2\/pages"}],"about":[{"href":"https:\/\/keskintente.com\/index.php?rest_route=\/wp\/v2\/types\/page"}],"author":[{"embeddable":true,"href":"https:\/\/keskintente.com\/index.php?rest_route=\/wp\/v2\/users\/3"}],"replies":[{"embeddable":true,"href":"https:\/\/keskintente.com\/index.php?rest_route=%2Fwp%2Fv2%2Fcomments&post=116"}],"version-history":[{"count":4,"href":"https:\/\/keskintente.com\/index.php?rest_route=\/wp\/v2\/pages\/116\/revisions"}],"predecessor-version":[{"id":1816,"href":"https:\/\/keskintente.com\/index.php?rest_route=\/wp\/v2\/pages\/116\/revisions\/1816"}],"wp:featuredmedia":[{"embeddable":true,"href":"https:\/\/keskintente.com\/index.php?rest_route=\/wp\/v2\/media\/117"}],"wp:attachment":[{"href":"https:\/\/keskintente.com\/index.php?rest_route=%2Fwp%2Fv2%2Fmedia&parent=116"}],"curies":[{"name":"wp","href":"https:\/\/api.w.org\/{rel}","templated":true}]}}