{"id":101,"date":"2019-04-02T11:26:37","date_gmt":"2019-04-02T11:26:37","guid":{"rendered":"http:\/\/keskintente.com\/?page_id=101"},"modified":"2020-04-27T10:47:16","modified_gmt":"2020-04-27T10:47:16","slug":"arac-brandalari","status":"publish","type":"page","link":"https:\/\/keskintente.com\/?page_id=101","title":{"rendered":"Ara\u00e7 Brandalar\u0131"},"content":{"rendered":"<div class=\"wpb-content-wrapper\"><p>[vc_row][vc_column width=&#8221;1\/2&#8243;][vc_gallery interval=&#8221;3&#8243; images=&#8221;2001,1629,2005,2004,1789,1784,106,1628&#8243; img_size=&#8221;large&#8221;][\/vc_column][vc_column width=&#8221;1\/2&#8243;][vc_column_text]OTOMOB\u0130L VE ARA\u00c7 BRANDASI NED\u0130R<\/p>\n<p>Oto brandas\u0131\u00a0nedir dendi\u011finde, arac\u0131 korumak i\u00e7in kullan\u0131lan dayan\u0131kl\u0131 \u00f6rt\u00fc oldu\u011funu s\u00f6yleyebiliriz. Ara\u00e7lar\u0131n kapal\u0131 otopark v.b yerlerde \u00e7izilip kirlenmemesi amac\u0131yla kullan\u0131l\u0131r. Sa\u011flam yap\u0131l\u0131 olmas\u0131, art\u0131r bir de\u011ferdir. Arac\u0131 ya\u011fmur, \u00e7amur, g\u00fcne\u015f gibi zararl\u0131 etmenlerden korumak i\u00e7in ideal bir \u00fcr\u00fcnd\u00fcr. Kullan\u0131m miktar\u0131 son derece fazla olan \u00fcr\u00fcn gruplar\u0131ndand\u0131r. Farkl\u0131 ren ve model se\u00e7enekleri ile bu \u00fcr\u00fcnler, sitemiz \u00fczerinden sat\u0131\u015fa sunulur.<\/p>\n<p>[\/vc_column_text][\/vc_column][\/vc_row][vc_row][vc_column][vc_column_text]OTOMOB\u0130L VE ARA\u00c7 BRANDASI NASIL YAPILIR<\/p>\n<p><strong>Oto brandas\u0131<\/strong>\u00a0nas\u0131l yap\u0131l\u0131r dendi\u011finde, akla faydal\u0131 m\u0131 zararl\u0131 m\u0131 oldu\u011fu sorular\u0131 gelir. Arac\u0131 \u00e7ok say\u0131da d\u0131\u015f etmenden korumas\u0131 y\u00f6n\u00fcyle olduk\u00e7a yararl\u0131 bir \u00fcr\u00fcnd\u00fcr. Branda kullan\u0131m\u0131, faydal\u0131 bir \u00fcr\u00fcn oldu\u011funun anla\u015f\u0131lmas\u0131 \u00fczerine son y\u0131llarda art\u0131\u015f g\u00f6stermi\u015ftir. Boya yan\u0131\u011f\u0131 olu\u015fmamas\u0131na dikkat etmek \u00f6nemlidir[\/vc_column_text][\/vc_column][\/vc_row]<\/p>\n<\/div>","protected":false},"excerpt":{"rendered":"<p>[vc_row][vc_column width=&#8221;1\/2&#8243;][vc_gallery interval=&#8221;3&#8243; images=&#8221;2001,1629,2005,2004,1789,1784,106,1628&#8243; img_size=&#8221;large&#8221;][\/vc_column][vc_column width=&#8221;1\/2&#8243;][vc_column_text]OTOMOB\u0130L VE ARA\u00c7 BRANDASI NED\u0130R Oto brandas\u0131\u00a0nedir dendi\u011finde, arac\u0131 korumak i\u00e7in kullan\u0131lan dayan\u0131kl\u0131 \u00f6rt\u00fc oldu\u011funu<\/p>\n","protected":false},"author":3,"featured_media":102,"parent":0,"menu_order":0,"comment_status":"closed","ping_status":"closed","template":"","meta":{"footnotes":""},"class_list":["post-101","page","type-page","status-publish","has-post-thumbnail","hentry"],"_links":{"self":[{"href":"https:\/\/keskintente.com\/index.php?rest_route=\/wp\/v2\/pages\/101","targetHints":{"allow":["GET"]}}],"collection":[{"href":"https:\/\/keskintente.com\/index.php?rest_route=\/wp\/v2\/pages"}],"about":[{"href":"https:\/\/keskintente.com\/index.php?rest_route=\/wp\/v2\/types\/page"}],"author":[{"embeddable":true,"href":"https:\/\/keskintente.com\/index.php?rest_route=\/wp\/v2\/users\/3"}],"replies":[{"embeddable":true,"href":"https:\/\/keskintente.com\/index.php?rest_route=%2Fwp%2Fv2%2Fcomments&post=101"}],"version-history":[{"count":9,"href":"https:\/\/keskintente.com\/index.php?rest_route=\/wp\/v2\/pages\/101\/revisions"}],"predecessor-version":[{"id":2007,"href":"https:\/\/keskintente.com\/index.php?rest_route=\/wp\/v2\/pages\/101\/revisions\/2007"}],"wp:featuredmedia":[{"embeddable":true,"href":"https:\/\/keskintente.com\/index.php?rest_route=\/wp\/v2\/media\/102"}],"wp:attachment":[{"href":"https:\/\/keskintente.com\/index.php?rest_route=%2Fwp%2Fv2%2Fmedia&parent=101"}],"curies":[{"name":"wp","href":"https:\/\/api.w.org\/{rel}","templated":true}]}}